{"id":782,"date":"2025-07-29T07:33:20","date_gmt":"2025-07-29T07:33:20","guid":{"rendered":"https:\/\/leterral.com\/?page_id=782"},"modified":"2025-08-18T15:55:00","modified_gmt":"2025-08-18T15:55:00","slug":"mentions-legales","status":"publish","type":"page","link":"https:\/\/leterral.com\/en\/mentions-legales\/","title":{"rendered":"Legal notices"},"content":{"rendered":"<div data-elementor-type=\"wp-page\" data-elementor-id=\"782\" class=\"elementor elementor-782\">\n\t\t\t\t<div class=\"elementor-element elementor-element-c75d472 e-flex e-con-boxed elementor-invisible e-con e-parent\" data-id=\"c75d472\" data-element_type=\"container\" data-e-type=\"container\" data-settings=\"{&quot;background_background&quot;:&quot;classic&quot;,&quot;animation&quot;:&quot;fadeIn&quot;}\">\n\t\t\t\t\t<div class=\"e-con-inner\">\n\t\t\t\t<div class=\"elementor-element elementor-element-593ef36 elementor-widget elementor-widget-heading\" data-id=\"593ef36\" data-element_type=\"widget\" data-e-type=\"widget\" data-widget_type=\"heading.default\">\n\t\t\t\t\t<h1 class=\"elementor-heading-title elementor-size-default\">Legal notices<\/h1>\t\t\t\t<\/div>\n\t\t\t\t\t<\/div>\n\t\t\t\t<\/div>\n\t\t<div class=\"elementor-element elementor-element-2caef90 e-flex e-con-boxed e-con e-parent\" data-id=\"2caef90\" data-element_type=\"container\" data-e-type=\"container\">\n\t\t\t\t\t<div class=\"e-con-inner\">\n\t\t\t\t<div class=\"elementor-element elementor-element-5fe4581 elementor-widget elementor-widget-heading\" data-id=\"5fe4581\" data-element_type=\"widget\" data-e-type=\"widget\" data-widget_type=\"heading.default\">\n\t\t\t\t\t<h2 class=\"elementor-heading-title elementor-size-default\">1. Ownership of the website<\/h2>\t\t\t\t<\/div>\n\t\t\t\t<div class=\"elementor-element elementor-element-7af967f elementor-widget elementor-widget-text-editor\" data-id=\"7af967f\" data-element_type=\"widget\" data-e-type=\"widget\" data-widget_type=\"text-editor.default\">\n\t\t\t\t\t\t\t\t\t<p>The website leterral.com is owned by TERRAL EVENEMENTS, whose contact details are as follows:\u00a0<\/p><ul><li>Legal form: SAS (simplified joint stock company)\u00a0<\/li><li>\u00a0Headquarters: Le Terral, 11590 OUVEILLAN<\/li><li>Share capital: \u20ac1,000.00<\/li><li>RCS: 989 223 839 R.C.S. Narbonne<\/li><li>SIRET : 98922383900014<\/li><li>Code APE : 7729Z<\/li><li>Intra-Community VAT number: FR82989223839<\/li><\/ul>\t\t\t\t\t\t\t\t<\/div>\n\t\t\t\t<div class=\"elementor-element elementor-element-7108bab elementor-widget elementor-widget-heading\" data-id=\"7108bab\" data-element_type=\"widget\" data-e-type=\"widget\" data-widget_type=\"heading.default\">\n\t\t\t\t\t<h2 class=\"elementor-heading-title elementor-size-default\">2. Website creation, development and hosting<\/h2>\t\t\t\t<\/div>\n\t\t\t\t<div class=\"elementor-element elementor-element-c999906 elementor-widget elementor-widget-text-editor\" data-id=\"c999906\" data-element_type=\"widget\" data-e-type=\"widget\" data-widget_type=\"text-editor.default\">\n\t\t\t\t\t\t\t\t\t<p>This website was designed by Clara Vitupier:<\/p><ul><li>Email: contact@leterral.com<\/li><li>Address: Le Terral, 11590 Ouveillan<\/li><li>Date of completion of the site: July 2025<\/li><\/ul><p>Photo credits: Cl\u00e9ment Bonnard, Clara Vitupier, Ronan No\u00ebl de la Paquerie<br \/>Hosting: Hostinger International Ltd, 61 Lordou Vironos Street, 6023 Larnaca, Cyprus<\/p>\t\t\t\t\t\t\t\t<\/div>\n\t\t\t\t<div class=\"elementor-element elementor-element-3f87f13 elementor-widget elementor-widget-heading\" data-id=\"3f87f13\" data-element_type=\"widget\" data-e-type=\"widget\" data-widget_type=\"heading.default\">\n\t\t\t\t\t<h2 class=\"elementor-heading-title elementor-size-default\">3. Copyright and intellectual property<\/h2>\t\t\t\t<\/div>\n\t\t\t\t<div class=\"elementor-element elementor-element-f5d9d57 elementor-widget elementor-widget-text-editor\" data-id=\"f5d9d57\" data-element_type=\"widget\" data-e-type=\"widget\" data-widget_type=\"text-editor.default\">\n\t\t\t\t\t\t\t\t\t<p>The content on the leterral.com website (text, images, videos, etc.) is protected by intellectual property rights. Any reproduction, representation, modification, publication or adaptation of all or part of the elements of the website, regardless of the means or process used, is prohibited without the prior written authorisation of SAS TERRAL EVENEMENTS.<\/p>\t\t\t\t\t\t\t\t<\/div>\n\t\t\t\t<div class=\"elementor-element elementor-element-e027008 elementor-widget elementor-widget-heading\" data-id=\"e027008\" data-element_type=\"widget\" data-e-type=\"widget\" data-widget_type=\"heading.default\">\n\t\t\t\t\t<h2 class=\"elementor-heading-title elementor-size-default\">4. Liability<\/h2>\t\t\t\t<\/div>\n\t\t\t\t<div class=\"elementor-element elementor-element-81d4150 elementor-widget elementor-widget-text-editor\" data-id=\"81d4150\" data-element_type=\"widget\" data-e-type=\"widget\" data-widget_type=\"text-editor.default\">\n\t\t\t\t\t\t\t\t\t<p>SAS TERRAL EVENEMENTS cannot be held liable for any direct or indirect damage caused to the user's equipment when accessing the leterral.com website, resulting either from the use of equipment that does not meet the specified requirements, or from the occurrence of a bug or incompatibility.<\/p>\t\t\t\t\t\t\t\t<\/div>\n\t\t\t\t<div class=\"elementor-element elementor-element-4fa248d elementor-widget elementor-widget-heading\" data-id=\"4fa248d\" data-element_type=\"widget\" data-e-type=\"widget\" data-widget_type=\"heading.default\">\n\t\t\t\t\t<h2 class=\"elementor-heading-title elementor-size-default\">5. Contact<\/h2>\t\t\t\t<\/div>\n\t\t\t\t<div class=\"elementor-element elementor-element-debb094 elementor-widget elementor-widget-text-editor\" data-id=\"debb094\" data-element_type=\"widget\" data-e-type=\"widget\" data-widget_type=\"text-editor.default\">\n\t\t\t\t\t\t\t\t\t<p>If you have any questions or suggestions regarding these legal notices, please contact us at the following address: contact@leterral.com.<\/p>\t\t\t\t\t\t\t\t<\/div>\n\t\t\t\t\t<\/div>\n\t\t\t\t<\/div>\n\t\t\t\t<\/div>","protected":false},"excerpt":{"rendered":"<p>Mentions l\u00e9gales 1. Propri\u00e9t\u00e9 du site Le site leterral.com est la propri\u00e9t\u00e9 de la soci\u00e9t\u00e9 TERRAL EVENEMENTS donc voici les [&hellip;]<\/p>\n","protected":false},"author":1,"featured_media":0,"parent":0,"menu_order":0,"comment_status":"closed","ping_status":"closed","template":"","meta":{"site-sidebar-layout":"no-sidebar","site-content-layout":"","ast-site-content-layout":"full-width-container","site-content-style":"default","site-sidebar-style":"default","ast-global-header-display":"","ast-banner-title-visibility":"","ast-main-header-display":"","ast-hfb-above-header-display":"","ast-hfb-below-header-display":"","ast-hfb-mobile-header-display":"","site-post-title":"disabled","ast-breadcrumbs-content":"","ast-featured-img":"disabled","footer-sml-layout":"","ast-disable-related-posts":"","theme-transparent-header-meta":"","adv-header-id-meta":"","stick-header-meta":"","header-above-stick-meta":"","header-main-stick-meta":"","header-below-stick-meta":"","astra-migrate-meta-layouts":"default","ast-page-background-enabled":"default","ast-page-background-meta":{"desktop":{"background-color":"var(--ast-global-color-5)","background-image":"","background-repeat":"repeat","background-position":"center center","background-size":"auto","background-attachment":"scroll","background-type":"","background-media":"","overlay-type":"","overlay-color":"","overlay-opacity":"","overlay-gradient":""},"tablet":{"background-color":"","background-image":"","background-repeat":"repeat","background-position":"center center","background-size":"auto","background-attachment":"scroll","background-type":"","background-media":"","overlay-type":"","overlay-color":"","overlay-opacity":"","overlay-gradient":""},"mobile":{"background-color":"","background-image":"","background-repeat":"repeat","background-position":"center center","background-size":"auto","background-attachment":"scroll","background-type":"","background-media":"","overlay-type":"","overlay-color":"","overlay-opacity":"","overlay-gradient":""}},"ast-content-background-meta":{"desktop":{"background-color":"var(--ast-global-color-4)","background-image":"","background-repeat":"repeat","background-position":"center center","background-size":"auto","background-attachment":"scroll","background-type":"","background-media":"","overlay-type":"","overlay-color":"","overlay-opacity":"","overlay-gradient":""},"tablet":{"background-color":"var(--ast-global-color-4)","background-image":"","background-repeat":"repeat","background-position":"center center","background-size":"auto","background-attachment":"scroll","background-type":"","background-media":"","overlay-type":"","overlay-color":"","overlay-opacity":"","overlay-gradient":""},"mobile":{"background-color":"var(--ast-global-color-4)","background-image":"","background-repeat":"repeat","background-position":"center center","background-size":"auto","background-attachment":"scroll","background-type":"","background-media":"","overlay-type":"","overlay-color":"","overlay-opacity":"","overlay-gradient":""}},"footnotes":""},"class_list":["post-782","page","type-page","status-publish","hentry"],"yoast_head":"<!-- This site is optimized with the Yoast SEO plugin v27.1.1 - https:\/\/yoast.com\/product\/yoast-seo-wordpress\/ -->\n<title>Mentions l\u00e9gales - Ch\u00e2teau du Terral<\/title>\n<meta name=\"robots\" content=\"index, follow, max-snippet:-1, max-image-preview:large, max-video-preview:-1\" \/>\n<link rel=\"canonical\" href=\"https:\/\/leterral.com\/en\/mentions-legales\/\" \/>\n<meta property=\"og:locale\" content=\"en_GB\" \/>\n<meta property=\"og:type\" content=\"article\" \/>\n<meta property=\"og:title\" content=\"Mentions l\u00e9gales - Ch\u00e2teau du Terral\" \/>\n<meta property=\"og:description\" content=\"Mentions l\u00e9gales 1. Propri\u00e9t\u00e9 du site Le site leterral.com est la propri\u00e9t\u00e9 de la soci\u00e9t\u00e9 TERRAL EVENEMENTS donc voici les [&hellip;]\" \/>\n<meta property=\"og:url\" content=\"https:\/\/leterral.com\/en\/mentions-legales\/\" \/>\n<meta property=\"og:site_name\" content=\"Ch\u00e2teau du Terral\" \/>\n<meta property=\"article:modified_time\" content=\"2025-08-18T15:55:00+00:00\" \/>\n<meta property=\"og:image\" content=\"https:\/\/leterral.com\/wp-content\/uploads\/2025\/07\/Terral-bas-gauche-e1752766931553-1024x643.png\" \/>\n\t<meta property=\"og:image:width\" content=\"1024\" \/>\n\t<meta property=\"og:image:height\" content=\"643\" \/>\n\t<meta property=\"og:image:type\" content=\"image\/png\" \/>\n<meta name=\"twitter:card\" content=\"summary_large_image\" \/>\n<script type=\"application\/ld+json\" class=\"yoast-schema-graph\">{\"@context\":\"https:\/\/schema.org\",\"@graph\":[{\"@type\":\"WebPage\",\"@id\":\"https:\/\/leterral.com\/mentions-legales\/\",\"url\":\"https:\/\/leterral.com\/mentions-legales\/\",\"name\":\"Mentions l\u00e9gales - Ch\u00e2teau du Terral\",\"isPartOf\":{\"@id\":\"https:\/\/leterral.com\/en\/#website\"},\"datePublished\":\"2025-07-29T07:33:20+00:00\",\"dateModified\":\"2025-08-18T15:55:00+00:00\",\"breadcrumb\":{\"@id\":\"https:\/\/leterral.com\/mentions-legales\/#breadcrumb\"},\"inLanguage\":\"en-GB\",\"potentialAction\":[{\"@type\":\"ReadAction\",\"target\":[\"https:\/\/leterral.com\/mentions-legales\/\"]}]},{\"@type\":\"BreadcrumbList\",\"@id\":\"https:\/\/leterral.com\/mentions-legales\/#breadcrumb\",\"itemListElement\":[{\"@type\":\"ListItem\",\"position\":1,\"name\":\"Accueil\",\"item\":\"https:\/\/leterral.com\/\"},{\"@type\":\"ListItem\",\"position\":2,\"name\":\"Mentions l\u00e9gales\"}]},{\"@type\":\"WebSite\",\"@id\":\"https:\/\/leterral.com\/en\/#website\",\"url\":\"https:\/\/leterral.com\/en\/\",\"name\":\"Ch\u00e2teau du Terral\",\"description\":\"\",\"publisher\":{\"@id\":\"https:\/\/leterral.com\/en\/#organization\"},\"potentialAction\":[{\"@type\":\"SearchAction\",\"target\":{\"@type\":\"EntryPoint\",\"urlTemplate\":\"https:\/\/leterral.com\/en\/?s={search_term_string}\"},\"query-input\":{\"@type\":\"PropertyValueSpecification\",\"valueRequired\":true,\"valueName\":\"search_term_string\"}}],\"inLanguage\":\"en-GB\"},{\"@type\":\"Organization\",\"@id\":\"https:\/\/leterral.com\/en\/#organization\",\"name\":\"SAS TERRAL EVENEMENTS\",\"url\":\"https:\/\/leterral.com\/en\/\",\"logo\":{\"@type\":\"ImageObject\",\"inLanguage\":\"en-GB\",\"@id\":\"https:\/\/leterral.com\/en\/#\/schema\/logo\/image\/\",\"url\":\"https:\/\/leterral.com\/wp-content\/uploads\/2025\/07\/Logo-transparent-1-scaled.png\",\"contentUrl\":\"https:\/\/leterral.com\/wp-content\/uploads\/2025\/07\/Logo-transparent-1-scaled.png\",\"width\":2560,\"height\":2166,\"caption\":\"SAS TERRAL EVENEMENTS\"},\"image\":{\"@id\":\"https:\/\/leterral.com\/en\/#\/schema\/logo\/image\/\"},\"sameAs\":[\"https:\/\/www.instagram.com\/chateauduterral?igsh=MzhsOXV4MG95ZHU1\"]}]}<\/script>\n<!-- \/ Yoast SEO plugin. -->","yoast_head_json":{"title":"Mentions l\u00e9gales - Ch\u00e2teau du Terral","robots":{"index":"index","follow":"follow","max-snippet":"max-snippet:-1","max-image-preview":"max-image-preview:large","max-video-preview":"max-video-preview:-1"},"canonical":"https:\/\/leterral.com\/en\/mentions-legales\/","og_locale":"en_GB","og_type":"article","og_title":"Mentions l\u00e9gales - Ch\u00e2teau du Terral","og_description":"Mentions l\u00e9gales 1. Propri\u00e9t\u00e9 du site Le site leterral.com est la propri\u00e9t\u00e9 de la soci\u00e9t\u00e9 TERRAL EVENEMENTS donc voici les [&hellip;]","og_url":"https:\/\/leterral.com\/en\/mentions-legales\/","og_site_name":"Ch\u00e2teau du Terral","article_modified_time":"2025-08-18T15:55:00+00:00","og_image":[{"width":1024,"height":643,"url":"https:\/\/leterral.com\/wp-content\/uploads\/2025\/07\/Terral-bas-gauche-e1752766931553-1024x643.png","type":"image\/png"}],"twitter_card":"summary_large_image","schema":{"@context":"https:\/\/schema.org","@graph":[{"@type":"WebPage","@id":"https:\/\/leterral.com\/mentions-legales\/","url":"https:\/\/leterral.com\/mentions-legales\/","name":"Mentions l\u00e9gales - Ch\u00e2teau du Terral","isPartOf":{"@id":"https:\/\/leterral.com\/en\/#website"},"datePublished":"2025-07-29T07:33:20+00:00","dateModified":"2025-08-18T15:55:00+00:00","breadcrumb":{"@id":"https:\/\/leterral.com\/mentions-legales\/#breadcrumb"},"inLanguage":"en-GB","potentialAction":[{"@type":"ReadAction","target":["https:\/\/leterral.com\/mentions-legales\/"]}]},{"@type":"BreadcrumbList","@id":"https:\/\/leterral.com\/mentions-legales\/#breadcrumb","itemListElement":[{"@type":"ListItem","position":1,"name":"Accueil","item":"https:\/\/leterral.com\/"},{"@type":"ListItem","position":2,"name":"Mentions l\u00e9gales"}]},{"@type":"WebSite","@id":"https:\/\/leterral.com\/en\/#website","url":"https:\/\/leterral.com\/en\/","name":"Ch\u00e2teau du Terral","description":"","publisher":{"@id":"https:\/\/leterral.com\/en\/#organization"},"potentialAction":[{"@type":"SearchAction","target":{"@type":"EntryPoint","urlTemplate":"https:\/\/leterral.com\/en\/?s={search_term_string}"},"query-input":{"@type":"PropertyValueSpecification","valueRequired":true,"valueName":"search_term_string"}}],"inLanguage":"en-GB"},{"@type":"Organization","@id":"https:\/\/leterral.com\/en\/#organization","name":"SAS TERRAL EVENEMENTS","url":"https:\/\/leterral.com\/en\/","logo":{"@type":"ImageObject","inLanguage":"en-GB","@id":"https:\/\/leterral.com\/en\/#\/schema\/logo\/image\/","url":"https:\/\/leterral.com\/wp-content\/uploads\/2025\/07\/Logo-transparent-1-scaled.png","contentUrl":"https:\/\/leterral.com\/wp-content\/uploads\/2025\/07\/Logo-transparent-1-scaled.png","width":2560,"height":2166,"caption":"SAS TERRAL EVENEMENTS"},"image":{"@id":"https:\/\/leterral.com\/en\/#\/schema\/logo\/image\/"},"sameAs":["https:\/\/www.instagram.com\/chateauduterral?igsh=MzhsOXV4MG95ZHU1"]}]}},"_links":{"self":[{"href":"https:\/\/leterral.com\/en\/wp-json\/wp\/v2\/pages\/782","targetHints":{"allow":["GET"]}}],"collection":[{"href":"https:\/\/leterral.com\/en\/wp-json\/wp\/v2\/pages"}],"about":[{"href":"https:\/\/leterral.com\/en\/wp-json\/wp\/v2\/types\/page"}],"author":[{"embeddable":true,"href":"https:\/\/leterral.com\/en\/wp-json\/wp\/v2\/users\/1"}],"replies":[{"embeddable":true,"href":"https:\/\/leterral.com\/en\/wp-json\/wp\/v2\/comments?post=782"}],"version-history":[{"count":46,"href":"https:\/\/leterral.com\/en\/wp-json\/wp\/v2\/pages\/782\/revisions"}],"predecessor-version":[{"id":1367,"href":"https:\/\/leterral.com\/en\/wp-json\/wp\/v2\/pages\/782\/revisions\/1367"}],"wp:attachment":[{"href":"https:\/\/leterral.com\/en\/wp-json\/wp\/v2\/media?parent=782"}],"curies":[{"name":"wp","href":"https:\/\/api.w.org\/{rel}","templated":true}]}}