{"id":784,"date":"2025-07-29T07:33:42","date_gmt":"2025-07-29T07:33:42","guid":{"rendered":"https:\/\/leterral.com\/?page_id=784"},"modified":"2025-08-18T15:54:38","modified_gmt":"2025-08-18T15:54:38","slug":"confidentialite","status":"publish","type":"page","link":"https:\/\/leterral.com\/en\/confidentialite\/","title":{"rendered":"Confidentiality"},"content":{"rendered":"<div data-elementor-type=\"wp-page\" data-elementor-id=\"784\" class=\"elementor elementor-784\">\n\t\t\t\t<div class=\"elementor-element elementor-element-e797da1 e-flex e-con-boxed elementor-invisible e-con e-parent\" data-id=\"e797da1\" data-element_type=\"container\" data-e-type=\"container\" data-settings=\"{&quot;background_background&quot;:&quot;classic&quot;,&quot;animation&quot;:&quot;fadeIn&quot;}\">\n\t\t\t\t\t<div class=\"e-con-inner\">\n\t\t\t\t<div class=\"elementor-element elementor-element-89cb616 elementor-widget elementor-widget-heading\" data-id=\"89cb616\" data-element_type=\"widget\" data-e-type=\"widget\" data-widget_type=\"heading.default\">\n\t\t\t\t\t<h2 class=\"elementor-heading-title elementor-size-default\">confidentiality<\/h2>\t\t\t\t<\/div>\n\t\t\t\t\t<\/div>\n\t\t\t\t<\/div>\n\t\t<div class=\"elementor-element elementor-element-cc80827 e-flex e-con-boxed e-con e-parent\" data-id=\"cc80827\" data-element_type=\"container\" data-e-type=\"container\">\n\t\t\t\t\t<div class=\"e-con-inner\">\n\t\t\t\t<div class=\"elementor-element elementor-element-7563a39 elementor-widget elementor-widget-heading\" data-id=\"7563a39\" data-element_type=\"widget\" data-e-type=\"widget\" data-widget_type=\"heading.default\">\n\t\t\t\t\t<h2 class=\"elementor-heading-title elementor-size-default\">1. Introduction<\/h2>\t\t\t\t<\/div>\n\t\t\t\t<div class=\"elementor-element elementor-element-a8d6722 elementor-widget elementor-widget-text-editor\" data-id=\"a8d6722\" data-element_type=\"widget\" data-e-type=\"widget\" data-widget_type=\"text-editor.default\">\n\t\t\t\t\t\t\t\t\t<p>Welcome to the SAS TERRAL EVENEMENTS website. We are committed to protecting and respecting your privacy. This privacy policy explains how we collect, use and protect your personal data.<\/p>\t\t\t\t\t\t\t\t<\/div>\n\t\t\t\t<div class=\"elementor-element elementor-element-5781871 elementor-widget elementor-widget-heading\" data-id=\"5781871\" data-element_type=\"widget\" data-e-type=\"widget\" data-widget_type=\"heading.default\">\n\t\t\t\t\t<h2 class=\"elementor-heading-title elementor-size-default\">2. Protection of personal data<\/h2>\t\t\t\t<\/div>\n\t\t\t\t<div class=\"elementor-element elementor-element-71a12f1 elementor-widget elementor-widget-text-editor\" data-id=\"71a12f1\" data-element_type=\"widget\" data-e-type=\"widget\" data-widget_type=\"text-editor.default\">\n\t\t\t\t\t\t\t\t\t<p>SAS TERRAL EVENEMENTS collects personal data on the leterral.com website and processes it in the following cases:<\/p><p><span style=\"text-decoration: underline;\">Contact form<\/span><br \/>Data collected: surname, first name, email address, telephone number, message.<br \/>Purpose: contact request from the user.<br \/>Shelf life: maximum 1 year.<\/p><p>No data collected is sold or transferred to third parties.<\/p>\t\t\t\t\t\t\t\t<\/div>\n\t\t\t\t<div class=\"elementor-element elementor-element-0715824 elementor-widget elementor-widget-heading\" data-id=\"0715824\" data-element_type=\"widget\" data-e-type=\"widget\" data-widget_type=\"heading.default\">\n\t\t\t\t\t<h2 class=\"elementor-heading-title elementor-size-default\">3. Cookies<\/h2>\t\t\t\t<\/div>\n\t\t\t\t<div class=\"elementor-element elementor-element-b8b5bb9 elementor-widget elementor-widget-text-editor\" data-id=\"b8b5bb9\" data-element_type=\"widget\" data-e-type=\"widget\" data-widget_type=\"text-editor.default\">\n\t\t\t\t\t\t\t\t\t<p>Users are explicitly asked to consent to cookies when they arrive on the website and during each session. It is also possible to refuse their use or to customise them.<\/p>\t\t\t\t\t\t\t\t<\/div>\n\t\t\t\t<div class=\"elementor-element elementor-element-77794d9 elementor-widget elementor-widget-heading\" data-id=\"77794d9\" data-element_type=\"widget\" data-e-type=\"widget\" data-widget_type=\"heading.default\">\n\t\t\t\t\t<h2 class=\"elementor-heading-title elementor-size-default\">4. Changes to the privacy policy<\/h2>\t\t\t\t<\/div>\n\t\t\t\t<div class=\"elementor-element elementor-element-3df7c3e elementor-widget elementor-widget-text-editor\" data-id=\"3df7c3e\" data-element_type=\"widget\" data-e-type=\"widget\" data-widget_type=\"text-editor.default\">\n\t\t\t\t\t\t\t\t\t<p>We reserve the right to modify this privacy policy at any time. Changes will be posted on this page, and if they are significant, we will notify you by email or by a notice on our website.<\/p><p>You can change your preferences at any time by clicking on the link below:\u00a0<\/p>\t\t\t\t\t\t\t\t<\/div>\n\t\t\t\t<div class=\"elementor-element elementor-element-8666259 elementor-widget elementor-widget-heading\" data-id=\"8666259\" data-element_type=\"widget\" data-e-type=\"widget\" data-widget_type=\"heading.default\">\n\t\t\t\t\t<h2 class=\"elementor-heading-title elementor-size-default\">5. Data Protection Act<\/h2>\t\t\t\t<\/div>\n\t\t\t\t<div class=\"elementor-element elementor-element-ef34c6a elementor-widget elementor-widget-text-editor\" data-id=\"ef34c6a\" data-element_type=\"widget\" data-e-type=\"widget\" data-widget_type=\"text-editor.default\">\n\t\t\t\t\t\t\t\t\t<p>In accordance with the French Data Protection Act of 6 January 1978, amended in 2004, you have the right to access and rectify information concerning you. To exercise your right to delete or modify your personal data, please contact us at: contact@leterral.com<\/p>\t\t\t\t\t\t\t\t<\/div>\n\t\t\t\t\t<\/div>\n\t\t\t\t<\/div>\n\t\t\t\t<\/div>","protected":false},"excerpt":{"rendered":"<p>confidentitalit\u00e9 1. Introduction Bienvenue sur le site internet de SAS TERRAL EVENEMENTS. Nous nous engageons \u00e0 prot\u00e9ger et \u00e0 respecter [&hellip;]<\/p>\n","protected":false},"author":1,"featured_media":0,"parent":0,"menu_order":0,"comment_status":"closed","ping_status":"closed","template":"","meta":{"site-sidebar-layout":"no-sidebar","site-content-layout":"","ast-site-content-layout":"full-width-container","site-content-style":"default","site-sidebar-style":"default","ast-global-header-display":"","ast-banner-title-visibility":"","ast-main-header-display":"","ast-hfb-above-header-display":"","ast-hfb-below-header-display":"","ast-hfb-mobile-header-display":"","site-post-title":"disabled","ast-breadcrumbs-content":"","ast-featured-img":"disabled","footer-sml-layout":"","ast-disable-related-posts":"","theme-transparent-header-meta":"","adv-header-id-meta":"","stick-header-meta":"","header-above-stick-meta":"","header-main-stick-meta":"","header-below-stick-meta":"","astra-migrate-meta-layouts":"default","ast-page-background-enabled":"default","ast-page-background-meta":{"desktop":{"background-color":"var(--ast-global-color-5)","background-image":"","background-repeat":"repeat","background-position":"center center","background-size":"auto","background-attachment":"scroll","background-type":"","background-media":"","overlay-type":"","overlay-color":"","overlay-opacity":"","overlay-gradient":""},"tablet":{"background-color":"","background-image":"","background-repeat":"repeat","background-position":"center center","background-size":"auto","background-attachment":"scroll","background-type":"","background-media":"","overlay-type":"","overlay-color":"","overlay-opacity":"","overlay-gradient":""},"mobile":{"background-color":"","background-image":"","background-repeat":"repeat","background-position":"center center","background-size":"auto","background-attachment":"scroll","background-type":"","background-media":"","overlay-type":"","overlay-color":"","overlay-opacity":"","overlay-gradient":""}},"ast-content-background-meta":{"desktop":{"background-color":"var(--ast-global-color-4)","background-image":"","background-repeat":"repeat","background-position":"center center","background-size":"auto","background-attachment":"scroll","background-type":"","background-media":"","overlay-type":"","overlay-color":"","overlay-opacity":"","overlay-gradient":""},"tablet":{"background-color":"var(--ast-global-color-4)","background-image":"","background-repeat":"repeat","background-position":"center center","background-size":"auto","background-attachment":"scroll","background-type":"","background-media":"","overlay-type":"","overlay-color":"","overlay-opacity":"","overlay-gradient":""},"mobile":{"background-color":"var(--ast-global-color-4)","background-image":"","background-repeat":"repeat","background-position":"center center","background-size":"auto","background-attachment":"scroll","background-type":"","background-media":"","overlay-type":"","overlay-color":"","overlay-opacity":"","overlay-gradient":""}},"footnotes":""},"class_list":["post-784","page","type-page","status-publish","hentry"],"yoast_head":"<!-- This site is optimized with the Yoast SEO plugin v27.1.1 - https:\/\/yoast.com\/product\/yoast-seo-wordpress\/ -->\n<title>Confidentialit\u00e9 - Ch\u00e2teau du Terral<\/title>\n<meta name=\"robots\" content=\"index, follow, max-snippet:-1, max-image-preview:large, max-video-preview:-1\" \/>\n<link rel=\"canonical\" href=\"https:\/\/leterral.com\/en\/confidentialite\/\" \/>\n<meta property=\"og:locale\" content=\"en_GB\" \/>\n<meta property=\"og:type\" content=\"article\" \/>\n<meta property=\"og:title\" content=\"Confidentialit\u00e9 - Ch\u00e2teau du Terral\" \/>\n<meta property=\"og:description\" content=\"confidentitalit\u00e9 1. Introduction Bienvenue sur le site internet de SAS TERRAL EVENEMENTS. Nous nous engageons \u00e0 prot\u00e9ger et \u00e0 respecter [&hellip;]\" \/>\n<meta property=\"og:url\" content=\"https:\/\/leterral.com\/en\/confidentialite\/\" \/>\n<meta property=\"og:site_name\" content=\"Ch\u00e2teau du Terral\" \/>\n<meta property=\"article:modified_time\" content=\"2025-08-18T15:54:38+00:00\" \/>\n<meta property=\"og:image\" content=\"https:\/\/leterral.com\/wp-content\/uploads\/2025\/07\/Terral-bas-gauche-e1752766931553-1024x643.png\" \/>\n\t<meta property=\"og:image:width\" content=\"1024\" \/>\n\t<meta property=\"og:image:height\" content=\"643\" \/>\n\t<meta property=\"og:image:type\" content=\"image\/png\" \/>\n<meta name=\"twitter:card\" content=\"summary_large_image\" \/>\n<meta name=\"twitter:label1\" content=\"Estimated reading time\" \/>\n\t<meta name=\"twitter:data1\" content=\"2 minutes\" \/>\n<script type=\"application\/ld+json\" class=\"yoast-schema-graph\">{\"@context\":\"https:\/\/schema.org\",\"@graph\":[{\"@type\":\"WebPage\",\"@id\":\"https:\/\/leterral.com\/confidentialite\/\",\"url\":\"https:\/\/leterral.com\/confidentialite\/\",\"name\":\"Confidentialit\u00e9 - Ch\u00e2teau du Terral\",\"isPartOf\":{\"@id\":\"https:\/\/leterral.com\/en\/#website\"},\"datePublished\":\"2025-07-29T07:33:42+00:00\",\"dateModified\":\"2025-08-18T15:54:38+00:00\",\"breadcrumb\":{\"@id\":\"https:\/\/leterral.com\/confidentialite\/#breadcrumb\"},\"inLanguage\":\"en-GB\",\"potentialAction\":[{\"@type\":\"ReadAction\",\"target\":[\"https:\/\/leterral.com\/confidentialite\/\"]}]},{\"@type\":\"BreadcrumbList\",\"@id\":\"https:\/\/leterral.com\/confidentialite\/#breadcrumb\",\"itemListElement\":[{\"@type\":\"ListItem\",\"position\":1,\"name\":\"Accueil\",\"item\":\"https:\/\/leterral.com\/\"},{\"@type\":\"ListItem\",\"position\":2,\"name\":\"Confidentialit\u00e9\"}]},{\"@type\":\"WebSite\",\"@id\":\"https:\/\/leterral.com\/en\/#website\",\"url\":\"https:\/\/leterral.com\/en\/\",\"name\":\"Ch\u00e2teau du Terral\",\"description\":\"\",\"publisher\":{\"@id\":\"https:\/\/leterral.com\/en\/#organization\"},\"potentialAction\":[{\"@type\":\"SearchAction\",\"target\":{\"@type\":\"EntryPoint\",\"urlTemplate\":\"https:\/\/leterral.com\/en\/?s={search_term_string}\"},\"query-input\":{\"@type\":\"PropertyValueSpecification\",\"valueRequired\":true,\"valueName\":\"search_term_string\"}}],\"inLanguage\":\"en-GB\"},{\"@type\":\"Organization\",\"@id\":\"https:\/\/leterral.com\/en\/#organization\",\"name\":\"SAS TERRAL EVENEMENTS\",\"url\":\"https:\/\/leterral.com\/en\/\",\"logo\":{\"@type\":\"ImageObject\",\"inLanguage\":\"en-GB\",\"@id\":\"https:\/\/leterral.com\/en\/#\/schema\/logo\/image\/\",\"url\":\"https:\/\/leterral.com\/wp-content\/uploads\/2025\/07\/Logo-transparent-1-scaled.png\",\"contentUrl\":\"https:\/\/leterral.com\/wp-content\/uploads\/2025\/07\/Logo-transparent-1-scaled.png\",\"width\":2560,\"height\":2166,\"caption\":\"SAS TERRAL EVENEMENTS\"},\"image\":{\"@id\":\"https:\/\/leterral.com\/en\/#\/schema\/logo\/image\/\"},\"sameAs\":[\"https:\/\/www.instagram.com\/chateauduterral?igsh=MzhsOXV4MG95ZHU1\"]}]}<\/script>\n<!-- \/ Yoast SEO plugin. -->","yoast_head_json":{"title":"Confidentialit\u00e9 - Ch\u00e2teau du Terral","robots":{"index":"index","follow":"follow","max-snippet":"max-snippet:-1","max-image-preview":"max-image-preview:large","max-video-preview":"max-video-preview:-1"},"canonical":"https:\/\/leterral.com\/en\/confidentialite\/","og_locale":"en_GB","og_type":"article","og_title":"Confidentialit\u00e9 - Ch\u00e2teau du Terral","og_description":"confidentitalit\u00e9 1. Introduction Bienvenue sur le site internet de SAS TERRAL EVENEMENTS. Nous nous engageons \u00e0 prot\u00e9ger et \u00e0 respecter [&hellip;]","og_url":"https:\/\/leterral.com\/en\/confidentialite\/","og_site_name":"Ch\u00e2teau du Terral","article_modified_time":"2025-08-18T15:54:38+00:00","og_image":[{"width":1024,"height":643,"url":"https:\/\/leterral.com\/wp-content\/uploads\/2025\/07\/Terral-bas-gauche-e1752766931553-1024x643.png","type":"image\/png"}],"twitter_card":"summary_large_image","twitter_misc":{"Estimated reading time":"2 minutes"},"schema":{"@context":"https:\/\/schema.org","@graph":[{"@type":"WebPage","@id":"https:\/\/leterral.com\/confidentialite\/","url":"https:\/\/leterral.com\/confidentialite\/","name":"Confidentialit\u00e9 - Ch\u00e2teau du Terral","isPartOf":{"@id":"https:\/\/leterral.com\/en\/#website"},"datePublished":"2025-07-29T07:33:42+00:00","dateModified":"2025-08-18T15:54:38+00:00","breadcrumb":{"@id":"https:\/\/leterral.com\/confidentialite\/#breadcrumb"},"inLanguage":"en-GB","potentialAction":[{"@type":"ReadAction","target":["https:\/\/leterral.com\/confidentialite\/"]}]},{"@type":"BreadcrumbList","@id":"https:\/\/leterral.com\/confidentialite\/#breadcrumb","itemListElement":[{"@type":"ListItem","position":1,"name":"Accueil","item":"https:\/\/leterral.com\/"},{"@type":"ListItem","position":2,"name":"Confidentialit\u00e9"}]},{"@type":"WebSite","@id":"https:\/\/leterral.com\/en\/#website","url":"https:\/\/leterral.com\/en\/","name":"Ch\u00e2teau du Terral","description":"","publisher":{"@id":"https:\/\/leterral.com\/en\/#organization"},"potentialAction":[{"@type":"SearchAction","target":{"@type":"EntryPoint","urlTemplate":"https:\/\/leterral.com\/en\/?s={search_term_string}"},"query-input":{"@type":"PropertyValueSpecification","valueRequired":true,"valueName":"search_term_string"}}],"inLanguage":"en-GB"},{"@type":"Organization","@id":"https:\/\/leterral.com\/en\/#organization","name":"SAS TERRAL EVENEMENTS","url":"https:\/\/leterral.com\/en\/","logo":{"@type":"ImageObject","inLanguage":"en-GB","@id":"https:\/\/leterral.com\/en\/#\/schema\/logo\/image\/","url":"https:\/\/leterral.com\/wp-content\/uploads\/2025\/07\/Logo-transparent-1-scaled.png","contentUrl":"https:\/\/leterral.com\/wp-content\/uploads\/2025\/07\/Logo-transparent-1-scaled.png","width":2560,"height":2166,"caption":"SAS TERRAL EVENEMENTS"},"image":{"@id":"https:\/\/leterral.com\/en\/#\/schema\/logo\/image\/"},"sameAs":["https:\/\/www.instagram.com\/chateauduterral?igsh=MzhsOXV4MG95ZHU1"]}]}},"_links":{"self":[{"href":"https:\/\/leterral.com\/en\/wp-json\/wp\/v2\/pages\/784","targetHints":{"allow":["GET"]}}],"collection":[{"href":"https:\/\/leterral.com\/en\/wp-json\/wp\/v2\/pages"}],"about":[{"href":"https:\/\/leterral.com\/en\/wp-json\/wp\/v2\/types\/page"}],"author":[{"embeddable":true,"href":"https:\/\/leterral.com\/en\/wp-json\/wp\/v2\/users\/1"}],"replies":[{"embeddable":true,"href":"https:\/\/leterral.com\/en\/wp-json\/wp\/v2\/comments?post=784"}],"version-history":[{"count":31,"href":"https:\/\/leterral.com\/en\/wp-json\/wp\/v2\/pages\/784\/revisions"}],"predecessor-version":[{"id":1364,"href":"https:\/\/leterral.com\/en\/wp-json\/wp\/v2\/pages\/784\/revisions\/1364"}],"wp:attachment":[{"href":"https:\/\/leterral.com\/en\/wp-json\/wp\/v2\/media?parent=784"}],"curies":[{"name":"wp","href":"https:\/\/api.w.org\/{rel}","templated":true}]}}